{"id":2759,"date":"2023-04-07T09:01:29","date_gmt":"2023-04-07T07:01:29","guid":{"rendered":"https:\/\/www.hl.master-media.at\/agb\/"},"modified":"2023-04-20T18:16:49","modified_gmt":"2023-04-20T16:16:49","slug":"agb","status":"publish","type":"page","link":"https:\/\/www.hochlaender.at\/en\/agb\/","title":{"rendered":"AGB"},"content":{"rendered":"<p><div class=\"fusion-fullwidth fullwidth-box fusion-builder-row-1 fusion-flex-container has-pattern-background has-mask-background fusion-parallax-none nonhundred-percent-fullwidth non-hundred-percent-height-scrolling lazyload\" style=\"--awb-border-radius-top-left:0px;--awb-border-radius-top-right:0px;--awb-border-radius-bottom-right:0px;--awb-border-radius-bottom-left:0px;--awb-padding-top:20px;--awb-padding-right:0px;--awb-padding-bottom:20px;--awb-padding-left:0px;--awb-margin-top:0px;--awb-margin-bottom:0px;--awb-background-color:hsla(var(--awb-custom_color_1-h),var(--awb-custom_color_1-s),calc(var(--awb-custom_color_1-l) + 3%),var(--awb-custom_color_1-a));--awb-background-size:cover;--awb-flex-wrap:wrap;\" data-bg=\"https:\/\/www.hochlaender.at\/wp-content\/uploads\/2023\/04\/body_bg.jpg\" ><div class=\"fusion-builder-row fusion-row fusion-flex-align-items-flex-start fusion-flex-content-wrap\" style=\"max-width:1331.2px;margin-left: calc(-4% \/ 2 );margin-right: calc(-4% \/ 2 );\"><div class=\"fusion-layout-column fusion_builder_column fusion-builder-column-0 fusion_builder_column_1_1 1_1 fusion-flex-column\" style=\"--awb-bg-size:cover;--awb-border-color:var(--awb-color1);--awb-border-top:20px;--awb-border-right:20px;--awb-border-bottom:20px;--awb-border-left:20px;--awb-border-style:solid;--awb-width-large:100%;--awb-margin-top-large:0px;--awb-spacing-right-large:1.92%;--awb-margin-bottom-large:0px;--awb-spacing-left-large:1.92%;--awb-width-medium:100%;--awb-order-medium:0;--awb-spacing-right-medium:1.92%;--awb-spacing-left-medium:1.92%;--awb-width-small:100%;--awb-order-small:0;--awb-spacing-right-small:1.92%;--awb-spacing-left-small:1.92%;\" data-scroll-devices=\"small-visibility,medium-visibility,large-visibility\"><div class=\"fusion-column-wrapper fusion-column-has-shadow fusion-flex-justify-content-flex-start fusion-content-layout-column\">\t\t\t\t\t<div class=\"fusion-slider-container fusion-slider-sc-basic fusion-slider-33 full-width-slider\" style=\"height:600px; max-width:100%;\" data-id=\"33\" data-full_height=\"\">\n\t\t\t\t\t\t<style type=\"text\/css\">.fusion-slider-33 .flex-direction-nav a {width:63px;height:63px;line-height:63px;font-size:25px;}<\/style>\t\t\t\t\t\t<div class=\"fusion-slider-loading\">Loading...<\/div>\n\t\t\t\t\t\t<div class=\"tfs-slider flexslider main-flex full-width-slider\" data-slider_width=\"100%\" data-slider_height=\"600px\" data-full_screen=\"0\" data-parallax=\"0\" data-nav_arrows=\"1\" data-nav_arrow_size=\"25px\" data-nav_box_width=\"63px\" data-nav_box_height=\"63px\" data-slideshow_speed=\"7000\" data-loop=\"1\" data-autoplay=\"1\" data-orderby=\"date\" data-order=\"DESC\" data-animation=\"fade\" data-animation_speed=\"600\" data-typo_sensitivity=\"0.1\" data-typo_factor=\"1.5\" style=\"max-width:100%;\">\n\t\t\t\t\t\t\t<ul class=\"slides\">\n\t\t\t\t\t\t\t\t\t\t\t\t\t\t\t\t\t<li data-mute=\"yes\" data-loop=\"yes\" data-autoplay=\"yes\">\n\t\t\t\t\t\t\t\t\t\t<div class=\"slide-content-container slide-content-left\" style=\"display: none;\">\n\t\t\t\t\t\t\t\t\t\t\t<div class=\"slide-content\" style=\"\">\n\t\t\t\t\t\t\t\t\t\t\t\t\t\t\t\t\t\t\t\t\t\t\t\t\t\t\t\t\t\t\t\t\t\t\t\t\t\t\t\t\t\t\t\t\t\t\t<\/div>\n\t\t\t\t\t\t\t\t\t\t<\/div>\n\t\t\t\t\t\t\t\t\t\t\t\t\t\t\t\t\t\t\t\t\t\t\t\t\t\t\t\t\t\t\t\t\t\t\t\t\t\t\t\t<div class=\"background background-image\" style=\"background-image: url(https:\/\/www.hochlaender.at\/wp-content\/uploads\/2023\/04\/hochlaender_wild_2.jpg);max-width:100%;height:600px;filter: progid:DXImageTransform.Microsoft.AlphaImageLoader(src='https:\/\/www.hochlaender.at\/wp-content\/uploads\/2023\/04\/hochlaender_wild_2.jpg', sizingMethod='scale');\" data-imgwidth=\"914\">\n\t\t\t\t\t\t\t\t\t\t\t\t\t\t\t\t\t\t\t\t\t\t\t\t\t\t\t\t\t\t\t\t\t\t\t\t\t\t\t\t\t\t\t\t\t\t\t\t\t\t\t\t\t\t\t\t\t\t\t\t\t\t\t\t\t\t<\/div>\n\t\t\t\t\t\t\t\t\t<\/li>\n\t\t\t\t\t\t\t\t\t\t\t\t\t\t\t\t\t<li data-mute=\"yes\" data-loop=\"yes\" data-autoplay=\"yes\">\n\t\t\t\t\t\t\t\t\t\t<div class=\"slide-content-container slide-content-left\" style=\"display: none;\">\n\t\t\t\t\t\t\t\t\t\t\t<div class=\"slide-content\" style=\"\">\n\t\t\t\t\t\t\t\t\t\t\t\t\t\t\t\t\t\t\t\t\t\t\t\t\t\t\t\t\t\t\t\t\t\t\t\t\t\t\t\t\t\t\t\t\t\t\t<\/div>\n\t\t\t\t\t\t\t\t\t\t<\/div>\n\t\t\t\t\t\t\t\t\t\t\t\t\t\t\t\t\t\t\t\t\t\t\t\t\t\t\t\t\t\t\t\t\t\t\t\t\t\t\t\t<div class=\"background background-image\" style=\"background-image: url(https:\/\/www.hochlaender.at\/wp-content\/uploads\/2023\/04\/hochlaender_wild_3.jpg);max-width:100%;height:600px;filter: progid:DXImageTransform.Microsoft.AlphaImageLoader(src='https:\/\/www.hochlaender.at\/wp-content\/uploads\/2023\/04\/hochlaender_wild_3.jpg', sizingMethod='scale');\" data-imgwidth=\"914\">\n\t\t\t\t\t\t\t\t\t\t\t\t\t\t\t\t\t\t\t\t\t\t\t\t\t\t\t\t\t\t\t\t\t\t\t\t\t\t\t\t\t\t\t\t\t\t\t\t\t\t\t\t\t\t\t\t\t\t\t\t\t\t\t\t\t\t<\/div>\n\t\t\t\t\t\t\t\t\t<\/li>\n\t\t\t\t\t\t\t\t\t\t\t\t\t\t\t\t\t<li data-mute=\"yes\" data-loop=\"yes\" data-autoplay=\"yes\">\n\t\t\t\t\t\t\t\t\t\t<div class=\"slide-content-container slide-content-left\" style=\"display: none;\">\n\t\t\t\t\t\t\t\t\t\t\t<div class=\"slide-content\" style=\"\">\n\t\t\t\t\t\t\t\t\t\t\t\t\t\t\t\t\t\t\t\t\t\t\t\t\t\t\t\t\t\t\t\t\t\t\t\t\t\t\t\t\t\t\t\t\t\t\t<\/div>\n\t\t\t\t\t\t\t\t\t\t<\/div>\n\t\t\t\t\t\t\t\t\t\t\t\t\t\t\t\t\t\t\t\t\t\t\t\t\t\t\t\t\t\t\t\t\t\t\t\t\t\t\t\t<div class=\"background background-image\" style=\"background-image: url(https:\/\/www.hochlaender.at\/wp-content\/uploads\/2023\/04\/hochlaender_wild_1.jpg);max-width:100%;height:600px;filter: progid:DXImageTransform.Microsoft.AlphaImageLoader(src='https:\/\/www.hochlaender.at\/wp-content\/uploads\/2023\/04\/hochlaender_wild_1.jpg', sizingMethod='scale');\" data-imgwidth=\"914\">\n\t\t\t\t\t\t\t\t\t\t\t\t\t\t\t\t\t\t\t\t\t\t\t\t\t\t\t\t\t\t\t\t\t\t\t\t\t\t\t\t\t\t\t\t\t\t\t\t\t\t\t\t\t\t\t\t\t\t\t\t\t\t\t\t\t\t<\/div>\n\t\t\t\t\t\t\t\t\t<\/li>\n\t\t\t\t\t\t\t\t\t\t\t\t\t\t\t\t\t\t\t\t\t\t\t<\/ul>\n\t\t\t\t\t\t<\/div>\n\t\t\t\t\t<\/div>\n\t\t\t\t\t\t\t\t<\/div><\/div><\/div><\/div><div class=\"fusion-fullwidth fullwidth-box fusion-builder-row-2 fusion-flex-container has-pattern-background has-mask-background hundred-percent-fullwidth non-hundred-percent-height-scrolling\" style=\"--awb-border-radius-top-left:0px;--awb-border-radius-top-right:0px;--awb-border-radius-bottom-right:0px;--awb-border-radius-bottom-left:0px;--awb-margin-bottom:60px;--awb-margin-bottom-medium:90px;--awb-margin-bottom-small:60px;--awb-background-color:rgba(250,241,226,0);--awb-flex-wrap:wrap;\" ><div class=\"fusion-builder-row fusion-row fusion-flex-align-items-flex-start fusion-flex-content-wrap\" style=\"width:104% !important;max-width:104% !important;margin-left: calc(-4% \/ 2 );margin-right: calc(-4% \/ 2 );\"><\/div><\/div><div class=\"fusion-fullwidth fullwidth-box fusion-builder-row-3 fusion-flex-container has-pattern-background has-mask-background nonhundred-percent-fullwidth non-hundred-percent-height-scrolling\" style=\"--awb-border-radius-top-left:0px;--awb-border-radius-top-right:0px;--awb-border-radius-bottom-right:0px;--awb-border-radius-bottom-left:0px;--awb-padding-top:60px;--awb-padding-bottom:100px;--awb-margin-top:20px;--awb-margin-bottom:90px;--awb-background-color:rgba(136,150,101,0);--awb-flex-wrap:wrap;\" ><div class=\"fusion-builder-row fusion-row fusion-flex-align-items-flex-start fusion-flex-content-wrap\" style=\"max-width:1331.2px;margin-left: calc(-4% \/ 2 );margin-right: calc(-4% \/ 2 );\"><div class=\"fusion-layout-column fusion_builder_column fusion-builder-column-1 fusion_builder_column_1_5 1_5 fusion-flex-column fusion-no-small-visibility\" style=\"--awb-bg-size:cover;--awb-width-large:20%;--awb-margin-top-large:0px;--awb-spacing-right-large:0px;--awb-margin-bottom-large:0px;--awb-spacing-left-large:0px;--awb-width-medium:20%;--awb-order-medium:0;--awb-spacing-right-medium:0px;--awb-spacing-left-medium:0px;--awb-width-small:100%;--awb-order-small:0;--awb-spacing-right-small:1.92%;--awb-spacing-left-small:1.92%;\" data-scroll-devices=\"small-visibility,medium-visibility,large-visibility\"><div class=\"fusion-column-wrapper fusion-column-has-shadow fusion-flex-justify-content-flex-start fusion-content-layout-column\"><div class=\"fusion-image-element \" style=\"text-align:center;--awb-caption-title-font-family:var(--h2_typography-font-family);--awb-caption-title-font-weight:var(--h2_typography-font-weight);--awb-caption-title-font-style:var(--h2_typography-font-style);--awb-caption-title-size:var(--h2_typography-font-size);--awb-caption-title-transform:var(--h2_typography-text-transform);--awb-caption-title-line-height:var(--h2_typography-line-height);--awb-caption-title-letter-spacing:var(--h2_typography-letter-spacing);\"><span class=\" fusion-imageframe imageframe-none imageframe-1 hover-type-none\"><img decoding=\"async\" width=\"124\" height=\"116\" alt=\"Hochl\u00e4nder Wild\" title=\"Hochl\u00e4nder Wild\" src=\"data:image\/svg+xml,%3Csvg%20xmlns%3D%27http%3A%2F%2Fwww.w3.org%2F2000%2Fsvg%27%20width%3D%27124%27%20height%3D%27116%27%20viewBox%3D%270%200%20124%20116%27%3E%3Crect%20width%3D%27124%27%20height%3D%27116%27%20fill-opacity%3D%220%22%2F%3E%3C%2Fsvg%3E\" data-orig-src=\"https:\/\/www.hochlaender.at\/wp-content\/uploads\/2023\/04\/zapfen_rechts.png\" class=\"lazyload img-responsive wp-image-2641\"\/><\/span><\/div><\/div><\/div><div class=\"fusion-layout-column fusion_builder_column fusion-builder-column-2 fusion_builder_column_4_5 4_5 fusion-flex-column\" style=\"--awb-padding-top-small:20px;--awb-bg-size:cover;--awb-width-large:80%;--awb-margin-top-large:0px;--awb-spacing-right-large:0px;--awb-margin-bottom-large:0px;--awb-spacing-left-large:0px;--awb-width-medium:80%;--awb-order-medium:0;--awb-spacing-right-medium:0px;--awb-spacing-left-medium:0px;--awb-width-small:100%;--awb-order-small:0;--awb-spacing-right-small:1.92%;--awb-spacing-left-small:1.92%;\" data-scroll-devices=\"small-visibility,medium-visibility,large-visibility\"><div class=\"fusion-column-wrapper fusion-column-has-shadow fusion-flex-justify-content-flex-start fusion-content-layout-column\"><div class=\"fusion-title title fusion-title-1 fusion-sep-none fusion-title-text fusion-title-size-two\" style=\"--awb-margin-bottom:40px;\"><h2 class=\"fusion-title-heading title-heading-left sm-text-align-center\" style=\"margin:0;\">Allgemeine Gesch\u00e4ftsbedingungen<\/h2><\/div><\/div><\/div><div class=\"fusion-layout-column fusion_builder_column fusion-builder-column-3 fusion_builder_column_1_1 1_1 fusion-flex-column\" style=\"--awb-padding-top:20px;--awb-bg-size:cover;--awb-border-color:var(--awb-color3);--awb-border-bottom:1px;--awb-border-style:solid;--awb-width-large:100%;--awb-margin-top-large:0px;--awb-spacing-right-large:0px;--awb-margin-bottom-large:0px;--awb-spacing-left-large:0px;--awb-width-medium:100%;--awb-order-medium:0;--awb-spacing-right-medium:0px;--awb-spacing-left-medium:0px;--awb-width-small:100%;--awb-order-small:0;--awb-spacing-right-small:1.92%;--awb-spacing-left-small:1.92%;\" data-scroll-devices=\"small-visibility,medium-visibility,large-visibility\"><div class=\"fusion-column-wrapper fusion-column-has-shadow fusion-flex-justify-content-flex-start fusion-content-layout-column\"><\/div><\/div><div class=\"fusion-layout-column fusion_builder_column fusion-builder-column-4 fusion_builder_column_1_1 1_1 fusion-flex-column\" style=\"--awb-padding-top:50px;--awb-bg-size:cover;--awb-width-large:100%;--awb-margin-top-large:0px;--awb-spacing-right-large:1.92%;--awb-margin-bottom-large:20px;--awb-spacing-left-large:1.92%;--awb-width-medium:100%;--awb-order-medium:0;--awb-spacing-right-medium:1.92%;--awb-spacing-left-medium:1.92%;--awb-width-small:100%;--awb-order-small:0;--awb-spacing-right-small:1.92%;--awb-spacing-left-small:1.92%;\" data-scroll-devices=\"small-visibility,medium-visibility,large-visibility\"><div class=\"fusion-column-wrapper fusion-column-has-shadow fusion-flex-justify-content-flex-start fusion-content-layout-column\"><div class=\"fusion-text fusion-text-1\"><h4>I. Lieferbedingungen<\/h4>\n<p>1. Leistungsort f\u00fcr die Lieferung ist der Absender-Betrieb.<br \/>\n2. Das f\u00fcr die Rechnungsstellung ma\u00dfgebliche Gewicht wird beim Verladen festgestellt und per ungeeichter EDV-Anlage auf Lieferschein bzw. Rechnung \u00fcbernommen. Handels\u00fcbliche Schwunde gehen zu Lasten des K\u00e4ufers.<br \/>\n3. Bei Bestellungen und Nachrichten per Telefon, Fax oder E-Mail haften wir nicht f\u00fcr Aufnahme- und \u00dcbermittlungsfehler.<br \/>\n4. Bei Terminzusage f\u00fcr Lieferungen haften wir nicht bei falscher oder verz\u00f6gerter Lieferung.<br \/>\n5. Frei-Haus-Lieferungen bed\u00fcrfen der Vereinbarung, wobei die Ware zu den \u00fcblichen Gesch\u00e4ftszeiten abzunehmen ist.<br \/>\n6. M\u00e4ngel m\u00fcssen uns bei Frischware unmittelbar nach der \u00dcbergabe und vor der Weiterverarbeitung angezeigt werden. Bei tiefgek\u00fchlten Produkten m\u00fcssen M\u00e4ngel sofort nach dem Auftauen und vor der Weiterverarbeitung angezeigt werden. Unterl\u00e4sst der K\u00e4ufer die Anzeige, so gilt die Ware als genehmigt.<br \/>\n7. Im Falle von M\u00e4ngeln muss dem Verk\u00e4ufer die M\u00f6glichkeit gegeben werden, die Berechtigung der Reklamation zu \u00fcberpr\u00fcfen. Eine Verrechnung mit Forderungen kann nur nach Genehmigung des Verk\u00e4ufers erfolgen.<br \/>\n8. Wir haften nicht daf\u00fcr, dass die gelieferte Ware f\u00fcr Zwecke des K\u00e4ufers geeignet ist, die nicht handels\u00fcblich sind.<br \/>\n9. Bei amtlichen Kontrollen von uns gelieferter Ware ist uns die M\u00f6glichkeit der Gegenkontrolle in Form von Hinterlassung einer Original-Gegenprobe zu geben.<br \/>\n10. Bei von uns anerkannten M\u00e4ngeln haben wir nach unserer Wahl das Recht der Nachlieferung einer mangelfreien Ware oder der R\u00fcckerstattung des Kaufpreises. Bei Schlechtlieferung stehen dem K\u00e4ufer keine Anspr\u00fcche wegen Folgesch\u00e4den zu.<br \/>\n11. Die Beanstandung von Teillieferungen berechtigt den K\u00e4ufer nicht zum R\u00fccktritt vom gesamten Vertrag.<\/p>\n<p>&nbsp;<\/p>\n<h4>II. Eigentumsvorbehalt<\/h4>\n<p>1. Bis zur Bezahlung aller, auch k\u00fcnftig entstehender Anspr\u00fcche aus der Gesch\u00e4ftsverbindung beh\u00e4lt sich der Verk\u00e4ufer das Eigentum an seinen Warenlieferungen, die nur im ordnungsgem\u00e4\u00dfen Gesch\u00e4ftsverkehr ver\u00e4u\u00dfert werden d\u00fcrfen, vor.<br \/>\n2. Der Eigentumsvorbehalt erstreckt sich auch auf eine nachtr\u00e4glich be- oder verarbeitete Ware.<br \/>\n3. Die Forderungen des K\u00e4ufers aus dem Verkauf der Vorbehaltsware werden bereits jetzt an den Verk\u00e4ufer abgetreten. Der K\u00e4ufer ist zum Verkauf der Vorbehaltsware nur berechtigt, soweit dadurch die Forderungsabtretung nicht beeintr\u00e4chtigt wird. Er hat jedoch neben dem Verk\u00e4ufer trotz Abtretung der Forderung die Einziehungsbefugnis, solange er seinen Zahlungsverpflichtungen fristgerecht nachkommt.<br \/>\n4. Der Verk\u00e4ufer verpflichtet sich, dem K\u00e4ufer auf sein Verlangen die ihm zustehenden Sicherheiten freizugeben, soweit deren realisierter Wert die zu sichernden Forderungen um mehr als 10% \u00fcbersteigt.<\/p>\n<p>&nbsp;<\/p>\n<h4>III. Zahlungsbedingungen<\/h4>\n<p>1. Soweit nichts anderes vereinbart wurde, ist die Ware zwei Wochen nach Rechnungsstellung ohne Abzug zur Zahlung f\u00e4llig. Als Zahlungseingang gilt der Tag der unwiderruflichen Gutschrift auf unserem Bankkonto.<br \/>\n2. Nach Ablauf der genannten Zahlungsfristen tritt ohne weitere Mahnung Verzug ein.<br \/>\n3. Bei nicht fristgerechter Zahlung behalten wir uns das Recht vor, \u00fcbliche Verzugszinsen zu berechnen und die Forderung einem Inkassounternehmen zu \u00fcbergeben.<br \/>\n4. Der Verk\u00e4ufer beh\u00e4lt sich das Recht vor, seine Forderungen nach F\u00e4lligkeit mit etwaigen Gegenforderungen des Gesch\u00e4ftspartners zu verrechnen.<\/p>\n<p>&nbsp;<\/p>\n<h4>IV. Schlussbestimmungen<\/h4>\n<p>1. Zur Entscheidung aller aus diesem Vertrag entstehenden Streitigkeiten ist das am Sitz unseres Unternehmens sachlich zust\u00e4ndige Gericht \u00f6rtlich zust\u00e4ndig. Wir haben jedoch das Recht, auch am allgemeinen Gerichtsstand des Vertragspartners zu klagen.<br \/>\n2. Es ist \u00f6sterreichisches materielles Recht anzuwenden, die Anwendbarkeit des UN-Kaufrechtes wird ausgeschlossen.<br \/>\n3. Sollten einzelne Klauseln dieser Gesch\u00e4ftsbedingungen nichtig sein, so behalten die \u00fcbrigen Bedingungen ihre G\u00fcltigkeit.<\/p>\n<p>St. Andr\u00e4, den 30.07.2013 Hochl\u00e4nder Wild GmbH<\/p>\n<\/div><\/div><\/div><\/div><\/div><div class=\"fusion-fullwidth fullwidth-box fusion-builder-row-4 fusion-flex-container has-pattern-background has-mask-background nonhundred-percent-fullwidth non-hundred-percent-height-scrolling\" style=\"--awb-border-radius-top-left:0px;--awb-border-radius-top-right:0px;--awb-border-radius-bottom-right:0px;--awb-border-radius-bottom-left:0px;--awb-margin-top:0px;--awb-background-color:var(--awb-custom_color_6);--awb-flex-wrap:wrap;\" ><div class=\"fusion-builder-row fusion-row fusion-flex-align-items-flex-start fusion-flex-content-wrap\" style=\"max-width:1331.2px;margin-left: calc(-4% \/ 2 );margin-right: calc(-4% \/ 2 );\"><div class=\"fusion-layout-column fusion_builder_column fusion-builder-column-5 fusion_builder_column_1_1 1_1 fusion-flex-column\" style=\"--awb-bg-size:cover;--awb-width-large:100%;--awb-margin-top-large:-150px;--awb-spacing-right-large:1.92%;--awb-margin-bottom-large:20px;--awb-spacing-left-large:1.92%;--awb-width-medium:100%;--awb-order-medium:0;--awb-spacing-right-medium:1.92%;--awb-spacing-left-medium:1.92%;--awb-width-small:100%;--awb-order-small:0;--awb-margin-top-small:0;--awb-spacing-right-small:1.92%;--awb-spacing-left-small:1.92%;\" data-scroll-devices=\"small-visibility,medium-visibility,large-visibility\"><div class=\"fusion-column-wrapper fusion-column-has-shadow fusion-flex-justify-content-flex-start fusion-content-layout-column\"><div class=\"fusion-image-element \" style=\"text-align:center;--awb-caption-title-font-family:var(--h2_typography-font-family);--awb-caption-title-font-weight:var(--h2_typography-font-weight);--awb-caption-title-font-style:var(--h2_typography-font-style);--awb-caption-title-size:var(--h2_typography-font-size);--awb-caption-title-transform:var(--h2_typography-text-transform);--awb-caption-title-line-height:var(--h2_typography-line-height);--awb-caption-title-letter-spacing:var(--h2_typography-letter-spacing);\"><span class=\" fusion-imageframe imageframe-none imageframe-2 hover-type-none\"><img decoding=\"async\" width=\"1071\" height=\"209\" alt=\"Hochl\u00e4nder Wild\" title=\"Hochl\u00e4nder Wild\" src=\"https:\/\/www.hochlaender.at\/wp-content\/uploads\/2023\/04\/footer_wald.png\" data-orig-src=\"https:\/\/www.hochlaender.at\/wp-content\/uploads\/2023\/04\/footer_wald.png\" class=\"lazyload img-responsive wp-image-2633\" srcset=\"data:image\/svg+xml,%3Csvg%20xmlns%3D%27http%3A%2F%2Fwww.w3.org%2F2000%2Fsvg%27%20width%3D%271071%27%20height%3D%27209%27%20viewBox%3D%270%200%201071%20209%27%3E%3Crect%20width%3D%271071%27%20height%3D%27209%27%20fill-opacity%3D%220%22%2F%3E%3C%2Fsvg%3E\" data-srcset=\"https:\/\/www.hochlaender.at\/wp-content\/uploads\/2023\/04\/footer_wald-200x39.png 200w, https:\/\/www.hochlaender.at\/wp-content\/uploads\/2023\/04\/footer_wald-400x78.png 400w, https:\/\/www.hochlaender.at\/wp-content\/uploads\/2023\/04\/footer_wald-600x117.png 600w, https:\/\/www.hochlaender.at\/wp-content\/uploads\/2023\/04\/footer_wald-800x156.png 800w, https:\/\/www.hochlaender.at\/wp-content\/uploads\/2023\/04\/footer_wald.png 1071w\" data-sizes=\"auto\" data-orig-sizes=\"(max-width: 820px) 100vw, 1071px\" \/><\/span><\/div><\/div><\/div><\/div><\/div><\/p>\n","protected":false},"excerpt":{"rendered":"","protected":false},"author":1,"featured_media":0,"parent":0,"menu_order":0,"comment_status":"closed","ping_status":"closed","template":"100-width.php","meta":{"footnotes":""},"class_list":["post-2759","page","type-page","status-publish","hentry"],"yoast_head":"<!-- This site is optimized with the Yoast SEO plugin v27.0 - https:\/\/yoast.com\/product\/yoast-seo-wordpress\/ -->\n<title>AGB - Hochl\u00e4nder Wild<\/title>\n<meta name=\"robots\" content=\"noindex, nofollow\" \/>\n<meta property=\"og:locale\" content=\"en_US\" \/>\n<meta property=\"og:type\" content=\"article\" \/>\n<meta property=\"og:title\" content=\"AGB - Hochl\u00e4nder Wild\" \/>\n<meta property=\"og:url\" content=\"https:\/\/www.hochlaender.at\/en\/agb\/\" \/>\n<meta property=\"og:site_name\" content=\"Hochl\u00e4nder Wild\" \/>\n<meta property=\"article:modified_time\" content=\"2023-04-20T16:16:49+00:00\" \/>\n<meta name=\"twitter:card\" content=\"summary_large_image\" \/>\n<meta name=\"twitter:label1\" content=\"Est. reading time\" \/>\n\t<meta name=\"twitter:data1\" content=\"14 minutes\" \/>\n<script type=\"application\/ld+json\" class=\"yoast-schema-graph\">{\"@context\":\"https:\/\/schema.org\",\"@graph\":[{\"@type\":\"WebPage\",\"@id\":\"https:\/\/www.hochlaender.at\/en\/agb\/\",\"url\":\"https:\/\/www.hochlaender.at\/en\/agb\/\",\"name\":\"AGB - Hochl\u00e4nder Wild\",\"isPartOf\":{\"@id\":\"https:\/\/www.hochlaender.at\/en\/#website\"},\"datePublished\":\"2023-04-07T07:01:29+00:00\",\"dateModified\":\"2023-04-20T16:16:49+00:00\",\"breadcrumb\":{\"@id\":\"https:\/\/www.hochlaender.at\/en\/agb\/#breadcrumb\"},\"inLanguage\":\"en-US\",\"potentialAction\":[{\"@type\":\"ReadAction\",\"target\":[\"https:\/\/www.hochlaender.at\/en\/agb\/\"]}]},{\"@type\":\"BreadcrumbList\",\"@id\":\"https:\/\/www.hochlaender.at\/en\/agb\/#breadcrumb\",\"itemListElement\":[{\"@type\":\"ListItem\",\"position\":1,\"name\":\"Startseite\",\"item\":\"https:\/\/www.hochlaender.at\/en\/\"},{\"@type\":\"ListItem\",\"position\":2,\"name\":\"AGB\"}]},{\"@type\":\"WebSite\",\"@id\":\"https:\/\/www.hochlaender.at\/en\/#website\",\"url\":\"https:\/\/www.hochlaender.at\/en\/\",\"name\":\"Hochl\u00e4nder Wild\",\"description\":\"\",\"publisher\":{\"@id\":\"https:\/\/www.hochlaender.at\/en\/#organization\"},\"potentialAction\":[{\"@type\":\"SearchAction\",\"target\":{\"@type\":\"EntryPoint\",\"urlTemplate\":\"https:\/\/www.hochlaender.at\/en\/?s={search_term_string}\"},\"query-input\":{\"@type\":\"PropertyValueSpecification\",\"valueRequired\":true,\"valueName\":\"search_term_string\"}}],\"inLanguage\":\"en-US\"},{\"@type\":\"Organization\",\"@id\":\"https:\/\/www.hochlaender.at\/en\/#organization\",\"name\":\"Hochl\u00e4nder Wild\",\"url\":\"https:\/\/www.hochlaender.at\/en\/\",\"logo\":{\"@type\":\"ImageObject\",\"inLanguage\":\"en-US\",\"@id\":\"https:\/\/www.hochlaender.at\/en\/#\/schema\/logo\/image\/\",\"url\":\"https:\/\/www.hochlaender.at\/wp-content\/uploads\/2023\/04\/Hochlaender_logo.png\",\"contentUrl\":\"https:\/\/www.hochlaender.at\/wp-content\/uploads\/2023\/04\/Hochlaender_logo.png\",\"width\":221,\"height\":134,\"caption\":\"Hochl\u00e4nder Wild\"},\"image\":{\"@id\":\"https:\/\/www.hochlaender.at\/en\/#\/schema\/logo\/image\/\"}}]}<\/script>\n<!-- \/ Yoast SEO plugin. -->","yoast_head_json":{"title":"AGB - Hochl\u00e4nder Wild","robots":{"index":"noindex","follow":"nofollow"},"og_locale":"en_US","og_type":"article","og_title":"AGB - Hochl\u00e4nder Wild","og_url":"https:\/\/www.hochlaender.at\/en\/agb\/","og_site_name":"Hochl\u00e4nder Wild","article_modified_time":"2023-04-20T16:16:49+00:00","twitter_card":"summary_large_image","twitter_misc":{"Est. reading time":"14 minutes"},"schema":{"@context":"https:\/\/schema.org","@graph":[{"@type":"WebPage","@id":"https:\/\/www.hochlaender.at\/en\/agb\/","url":"https:\/\/www.hochlaender.at\/en\/agb\/","name":"AGB - Hochl\u00e4nder Wild","isPartOf":{"@id":"https:\/\/www.hochlaender.at\/en\/#website"},"datePublished":"2023-04-07T07:01:29+00:00","dateModified":"2023-04-20T16:16:49+00:00","breadcrumb":{"@id":"https:\/\/www.hochlaender.at\/en\/agb\/#breadcrumb"},"inLanguage":"en-US","potentialAction":[{"@type":"ReadAction","target":["https:\/\/www.hochlaender.at\/en\/agb\/"]}]},{"@type":"BreadcrumbList","@id":"https:\/\/www.hochlaender.at\/en\/agb\/#breadcrumb","itemListElement":[{"@type":"ListItem","position":1,"name":"Startseite","item":"https:\/\/www.hochlaender.at\/en\/"},{"@type":"ListItem","position":2,"name":"AGB"}]},{"@type":"WebSite","@id":"https:\/\/www.hochlaender.at\/en\/#website","url":"https:\/\/www.hochlaender.at\/en\/","name":"Hochl\u00e4nder Wild","description":"","publisher":{"@id":"https:\/\/www.hochlaender.at\/en\/#organization"},"potentialAction":[{"@type":"SearchAction","target":{"@type":"EntryPoint","urlTemplate":"https:\/\/www.hochlaender.at\/en\/?s={search_term_string}"},"query-input":{"@type":"PropertyValueSpecification","valueRequired":true,"valueName":"search_term_string"}}],"inLanguage":"en-US"},{"@type":"Organization","@id":"https:\/\/www.hochlaender.at\/en\/#organization","name":"Hochl\u00e4nder Wild","url":"https:\/\/www.hochlaender.at\/en\/","logo":{"@type":"ImageObject","inLanguage":"en-US","@id":"https:\/\/www.hochlaender.at\/en\/#\/schema\/logo\/image\/","url":"https:\/\/www.hochlaender.at\/wp-content\/uploads\/2023\/04\/Hochlaender_logo.png","contentUrl":"https:\/\/www.hochlaender.at\/wp-content\/uploads\/2023\/04\/Hochlaender_logo.png","width":221,"height":134,"caption":"Hochl\u00e4nder Wild"},"image":{"@id":"https:\/\/www.hochlaender.at\/en\/#\/schema\/logo\/image\/"}}]}},"_links":{"self":[{"href":"https:\/\/www.hochlaender.at\/en\/wp-json\/wp\/v2\/pages\/2759","targetHints":{"allow":["GET"]}}],"collection":[{"href":"https:\/\/www.hochlaender.at\/en\/wp-json\/wp\/v2\/pages"}],"about":[{"href":"https:\/\/www.hochlaender.at\/en\/wp-json\/wp\/v2\/types\/page"}],"author":[{"embeddable":true,"href":"https:\/\/www.hochlaender.at\/en\/wp-json\/wp\/v2\/users\/1"}],"replies":[{"embeddable":true,"href":"https:\/\/www.hochlaender.at\/en\/wp-json\/wp\/v2\/comments?post=2759"}],"version-history":[{"count":3,"href":"https:\/\/www.hochlaender.at\/en\/wp-json\/wp\/v2\/pages\/2759\/revisions"}],"predecessor-version":[{"id":2762,"href":"https:\/\/www.hochlaender.at\/en\/wp-json\/wp\/v2\/pages\/2759\/revisions\/2762"}],"wp:attachment":[{"href":"https:\/\/www.hochlaender.at\/en\/wp-json\/wp\/v2\/media?parent=2759"}],"curies":[{"name":"wp","href":"https:\/\/api.w.org\/{rel}","templated":true}]}}